{"id":9440,"date":"2021-10-27T09:13:23","date_gmt":"2021-10-27T09:13:23","guid":{"rendered":"https:\/\/aquaconsult.be\/?page_id=9440"},"modified":"2024-11-28T14:22:40","modified_gmt":"2024-11-28T14:22:40","slug":"politique-en-matiere-de-cookies","status":"publish","type":"page","link":"https:\/\/aquaconsult.be\/fr\/politique-en-matiere-de-cookies\/","title":{"rendered":"Politique en mati\u00e8re de cookies"},"content":{"rendered":"<div class=\"wpb-content-wrapper\"><div data-parent=\"true\" class=\"vc_row row-container\" id=\"row-unique-0\"><div class=\"row col-double-gutter penta-top-padding penta-bottom-padding single-h-padding limit-width row-parent\"><div class=\"wpb_row row-inner\"><div class=\"wpb_column pos-top pos-center align_left column_parent col-lg-12 col-md-50 single-internal-gutter\"><div class=\"uncol style-light font-1658750\"  ><div class=\"uncoltable\"><div class=\"uncell no-block-padding\" ><div class=\"uncont\" ><div class=\"uncode_text_column\" ><\/p>\n<h1>Politique en mati\u00e8re de cookies AquaConsult, une division de GroupConsult<\/h1>\n<p>AquaConsult est une division et une marque d\u00e9pos\u00e9e de GroupConsult BV, une soci\u00e9t\u00e9 de droit belge dont le si\u00e8ge social est situ\u00e9 \u00e0 2970 Schilde, Vogelsanck 2A (KBO 715653231).<\/p>\n<p>Un \"cookie\" est un fichier texte sur lequel des informations sont stock\u00e9es. Ces fichiers texte sont soit supprim\u00e9s lorsque le navigateur est ferm\u00e9 (cookies de session), soit supprim\u00e9s manuellement (cookies permanents). Par exemple, la langue pr\u00e9f\u00e9r\u00e9e du visiteur du site web. Lorsqu'il visite \u00e0 nouveau le site web ult\u00e9rieurement, ce cookie est \u00e0 nouveau envoy\u00e9 au site web. Cela permet au site web de reconna\u00eetre le navigateur du visiteur et de se souvenir de la langue choisie.<\/p>\n<p>GroupConsult utilise les cookies suivants :<\/p>\n<\/div><div class=\"uncode_text_column\" ><\/p>\n<h3>Cookies essentiels<\/h3>\n<p>Ces cookies sont n\u00e9cessaires pour des raisons purement techniques afin de visiter le site web. En raison de la n\u00e9cessit\u00e9 technique, seule une obligation d'information s'applique et ces cookies essentiels sont install\u00e9s d\u00e8s que vous visitez le site web.<\/p>\n<h3>Cookies fonctionnels<\/h3>\n<p>Ces cookies sont n\u00e9cessaires au bon fonctionnement de notre site web. Vous ne pouvez pas refuser ces cookies si vous souhaitez visiter le site web. Ces cookies ne sont plac\u00e9s qu'apr\u00e8s que vous en ayez donn\u00e9 l'autorisation.<\/p>\n<h3>Cookies analytiques<\/h3>\n<p>Nous utilisons un outil d'analyse install\u00e9 sur notre propre serveur. Nous l'utilisons pour mesurer le nombre de visiteurs. Il s'agit d'un \"cookie de premi\u00e8re partie\", ce qui signifie que nous avons un contr\u00f4le total sur les donn\u00e9es collect\u00e9es et qu'aucune donn\u00e9e n'est envoy\u00e9e \u00e0 un tiers. Ces cookies ne sont install\u00e9s sur votre appareil qu'apr\u00e8s que vous ayez donn\u00e9 votre accord.<\/p>\n<h3>Cookies marketing<\/h3>\n<p>Nous suivons le comportement de navigation des visiteurs pour \u00e9tablir un profil d'utilisateur sur cette base, ce qui nous permet de personnaliser l'exp\u00e9rience de navigation des visiteurs et de leur sugg\u00e9rer des produits et services nouveaux ou modifi\u00e9s.<\/p>\n<\/div><div class=\"uncode_text_column colorlinkblue\" ><p>Les visiteurs peuvent voir quels cookies ont \u00e9t\u00e9 plac\u00e9s sur leur appareil gr\u00e2ce \u00e0 un param\u00e8tre de leur navigateur. Ce m\u00eame param\u00e8tre permet \u00e9galement de supprimer les cookies. Pour en savoir plus, veuillez consulter le site web www.allaboutcookies.org\/manage-cookies.<\/p>\n<p>Nous renvoyons \u00e0 des liens externes sur nos sites web pour documenter certaines informations de mani\u00e8re encore plus approfondie. Ces liens sont marqu\u00e9s d'une ic\u00f4ne indiquant que le visiteur quitte notre site web. L'activation de ce lien est de la responsabilit\u00e9 du visiteur.<\/p>\n<p>Les visiteurs disposent des droits l\u00e9gaux qui leur sont accord\u00e9s par le GDPR, y compris le droit de retirer leur consentement. GROUPCONSULT vous donne la libert\u00e9 de choisir, sans aucune contrainte, pression ou influence, d'accepter ou non certains cookies non essentiels.<\/p>\n<p>Le consentement du visiteur \u00e0 l'utilisation de cookies n'est donn\u00e9 que pour un traitement de donn\u00e9es bien d\u00e9fini (sp\u00e9cifique). GROUPCONSULT se r\u00e9f\u00e8re \u00e0 la d\u00e9claration de confidentialit\u00e9 qui se trouve sur ce site web. Sous r\u00e9serve d'une preuve d'identit\u00e9 (copie de la carte d'identit\u00e9 - biffer le num\u00e9ro national), la personne concern\u00e9e peut, par le biais d'une demande \u00e9crite, dat\u00e9e et sign\u00e9e, s'adresser \u00e0 GROUPCONSULT BV (nom commercial : AquaConsult), Vogelsanck 2A \u00e0 2970 SCHILDE ou \u00e0 <a href=\"mailto:info@aquaconsult.be\" target=\"_blank\" rel=\"noopener\">info@aquaconsult.be<\/a>Il est libre de d\u00e9clencher le retrait de son consentement.<\/p>\n<\/div><div class=\"empty-space empty-triple\" ><span class=\"empty-space-inner\"><\/span><\/div>\n<\/div><\/div><\/div><\/div><\/div><script id=\"script-row-unique-0\" data-row=\"script-row-unique-0\" type=\"text\/javascript\" class=\"vc_controls\">UNCODE.initRow(document.getElementById(\"row-unique-0\"));<\/script><\/div><\/div><\/div>\n<\/div>","protected":false},"excerpt":{"rendered":"Politique en mati\u00e8re de cookies AquaConsult, une division de GroupConsult AquaConsult est une division et une marque d\u00e9pos\u00e9e de GroupConsult BV, une soci\u00e9t\u00e9 [...].","protected":false},"author":3,"featured_media":0,"parent":0,"menu_order":0,"comment_status":"closed","ping_status":"closed","template":"","meta":{"footnotes":""},"class_list":["post-9440","page","type-page","status-publish","hentry"],"yoast_head":"<!-- This site is optimized with the Yoast SEO Premium plugin v26.8 (Yoast SEO v26.8) - https:\/\/yoast.com\/product\/yoast-seo-premium-wordpress\/ -->\n<title>Cookiebeleid | AquaConsult<\/title>\n<meta name=\"description\" content=\"Ontdek het cookiebeleid van AquaConsult: lees hoe we cookies gebruiken en waarom ze technisch noodzakelijk zijn voor uw websitebezoek.\" \/>\n<meta name=\"robots\" content=\"index, follow, max-snippet:-1, max-image-preview:large, max-video-preview:-1\" \/>\n<link rel=\"canonical\" href=\"https:\/\/aquaconsult.be\/fr\/politique-en-matiere-de-cookies\/\" \/>\n<meta property=\"og:locale\" content=\"fr_FR\" \/>\n<meta property=\"og:type\" content=\"article\" \/>\n<meta property=\"og:title\" content=\"Cookiebeleid\" \/>\n<meta property=\"og:description\" content=\"Ontdek het cookiebeleid van AquaConsult: lees hoe we cookies gebruiken en waarom ze technisch noodzakelijk zijn voor uw websitebezoek.\" \/>\n<meta property=\"og:url\" content=\"https:\/\/aquaconsult.be\/fr\/politique-en-matiere-de-cookies\/\" \/>\n<meta property=\"og:site_name\" content=\"AquaConsult\" \/>\n<meta property=\"article:publisher\" content=\"https:\/\/www.facebook.com\/aquaconsultbelgium\/\" \/>\n<meta property=\"article:modified_time\" content=\"2024-11-28T14:22:40+00:00\" \/>\n<meta name=\"twitter:card\" content=\"summary_large_image\" \/>\n<meta name=\"twitter:label1\" content=\"Dur\u00e9e de lecture est.\" \/>\n\t<meta name=\"twitter:data1\" content=\"3 minutes\" \/>\n<script type=\"application\/ld+json\" class=\"yoast-schema-graph\">{\"@context\":\"https:\/\/schema.org\",\"@graph\":[{\"@type\":\"WebPage\",\"@id\":\"https:\/\/aquaconsult.be\/cookiebeleid\/\",\"url\":\"https:\/\/aquaconsult.be\/cookiebeleid\/\",\"name\":\"Cookiebeleid | AquaConsult\",\"isPartOf\":{\"@id\":\"https:\/\/aquaconsult.be\/#website\"},\"datePublished\":\"2021-10-27T09:13:23+00:00\",\"dateModified\":\"2024-11-28T14:22:40+00:00\",\"description\":\"Ontdek het cookiebeleid van AquaConsult: lees hoe we cookies gebruiken en waarom ze technisch noodzakelijk zijn voor uw websitebezoek.\",\"breadcrumb\":{\"@id\":\"https:\/\/aquaconsult.be\/cookiebeleid\/#breadcrumb\"},\"inLanguage\":\"fr-BE\",\"potentialAction\":[{\"@type\":\"ReadAction\",\"target\":[\"https:\/\/aquaconsult.be\/cookiebeleid\/\"]}]},{\"@type\":\"BreadcrumbList\",\"@id\":\"https:\/\/aquaconsult.be\/cookiebeleid\/#breadcrumb\",\"itemListElement\":[{\"@type\":\"ListItem\",\"position\":1,\"name\":\"Home\",\"item\":\"https:\/\/aquaconsult.be\/\"},{\"@type\":\"ListItem\",\"position\":2,\"name\":\"Cookiebeleid\"}]},{\"@type\":\"WebSite\",\"@id\":\"https:\/\/aquaconsult.be\/#website\",\"url\":\"https:\/\/aquaconsult.be\/\",\"name\":\"Aquaconsult\",\"description\":\"Vochtbestrijding, vocht - en ventilatie oplossingen\",\"publisher\":{\"@id\":\"https:\/\/aquaconsult.be\/#organization\"},\"potentialAction\":[{\"@type\":\"SearchAction\",\"target\":{\"@type\":\"EntryPoint\",\"urlTemplate\":\"https:\/\/aquaconsult.be\/?s={search_term_string}\"},\"query-input\":{\"@type\":\"PropertyValueSpecification\",\"valueRequired\":true,\"valueName\":\"search_term_string\"}}],\"inLanguage\":\"fr-BE\"},{\"@type\":\"Organization\",\"@id\":\"https:\/\/aquaconsult.be\/#organization\",\"name\":\"Aquaconsult Vochtbestrijding\",\"url\":\"https:\/\/aquaconsult.be\/\",\"logo\":{\"@type\":\"ImageObject\",\"inLanguage\":\"fr-BE\",\"@id\":\"https:\/\/aquaconsult.be\/#\/schema\/logo\/image\/\",\"url\":\"https:\/\/aquaconsult.be\/wp-content\/uploads\/2019\/09\/Logo-1000x300-transparant.png\",\"contentUrl\":\"https:\/\/aquaconsult.be\/wp-content\/uploads\/2019\/09\/Logo-1000x300-transparant.png\",\"width\":1000,\"height\":301,\"caption\":\"Aquaconsult Vochtbestrijding\"},\"image\":{\"@id\":\"https:\/\/aquaconsult.be\/#\/schema\/logo\/image\/\"},\"sameAs\":[\"https:\/\/www.facebook.com\/aquaconsultbelgium\/\"]}]}<\/script>\n<!-- \/ Yoast SEO Premium plugin. -->","yoast_head_json":{"title":"Politique en mati\u00e8re de cookies | AquaConsult","description":"D\u00e9couvrez la politique d'AquaConsult en mati\u00e8re de cookies : lisez comment nous utilisons les cookies et pourquoi ils sont techniquement n\u00e9cessaires pour votre visite sur le site.","robots":{"index":"index","follow":"follow","max-snippet":"max-snippet:-1","max-image-preview":"max-image-preview:large","max-video-preview":"max-video-preview:-1"},"canonical":"https:\/\/aquaconsult.be\/fr\/politique-en-matiere-de-cookies\/","og_locale":"fr_FR","og_type":"article","og_title":"Cookiebeleid","og_description":"Ontdek het cookiebeleid van AquaConsult: lees hoe we cookies gebruiken en waarom ze technisch noodzakelijk zijn voor uw websitebezoek.","og_url":"https:\/\/aquaconsult.be\/fr\/politique-en-matiere-de-cookies\/","og_site_name":"AquaConsult","article_publisher":"https:\/\/www.facebook.com\/aquaconsultbelgium\/","article_modified_time":"2024-11-28T14:22:40+00:00","twitter_card":"summary_large_image","twitter_misc":{"Dur\u00e9e de lecture est.":"3 minutes"},"schema":{"@context":"https:\/\/schema.org","@graph":[{"@type":"WebPage","@id":"https:\/\/aquaconsult.be\/cookiebeleid\/","url":"https:\/\/aquaconsult.be\/cookiebeleid\/","name":"Politique en mati\u00e8re de cookies | AquaConsult","isPartOf":{"@id":"https:\/\/aquaconsult.be\/#website"},"datePublished":"2021-10-27T09:13:23+00:00","dateModified":"2024-11-28T14:22:40+00:00","description":"D\u00e9couvrez la politique d'AquaConsult en mati\u00e8re de cookies : lisez comment nous utilisons les cookies et pourquoi ils sont techniquement n\u00e9cessaires pour votre visite sur le site.","breadcrumb":{"@id":"https:\/\/aquaconsult.be\/cookiebeleid\/#breadcrumb"},"inLanguage":"fr-BE","potentialAction":[{"@type":"ReadAction","target":["https:\/\/aquaconsult.be\/cookiebeleid\/"]}]},{"@type":"BreadcrumbList","@id":"https:\/\/aquaconsult.be\/cookiebeleid\/#breadcrumb","itemListElement":[{"@type":"ListItem","position":1,"name":"Home","item":"https:\/\/aquaconsult.be\/"},{"@type":"ListItem","position":2,"name":"Cookiebeleid"}]},{"@type":"WebSite","@id":"https:\/\/aquaconsult.be\/#website","url":"https:\/\/aquaconsult.be\/","name":"Aquaconsult","description":"Solutions de contr\u00f4le de l'humidit\u00e9, de l'hygrom\u00e9trie et de la ventilation","publisher":{"@id":"https:\/\/aquaconsult.be\/#organization"},"potentialAction":[{"@type":"SearchAction","target":{"@type":"EntryPoint","urlTemplate":"https:\/\/aquaconsult.be\/?s={search_term_string}"},"query-input":{"@type":"PropertyValueSpecification","valueRequired":true,"valueName":"search_term_string"}}],"inLanguage":"fr-BE"},{"@type":"Organization","@id":"https:\/\/aquaconsult.be\/#organization","name":"Aquaconsult Contr\u00f4le de l'humidit\u00e9","url":"https:\/\/aquaconsult.be\/","logo":{"@type":"ImageObject","inLanguage":"fr-BE","@id":"https:\/\/aquaconsult.be\/#\/schema\/logo\/image\/","url":"https:\/\/aquaconsult.be\/wp-content\/uploads\/2019\/09\/Logo-1000x300-transparant.png","contentUrl":"https:\/\/aquaconsult.be\/wp-content\/uploads\/2019\/09\/Logo-1000x300-transparant.png","width":1000,"height":301,"caption":"Aquaconsult Vochtbestrijding"},"image":{"@id":"https:\/\/aquaconsult.be\/#\/schema\/logo\/image\/"},"sameAs":["https:\/\/www.facebook.com\/aquaconsultbelgium\/"]}]}},"_links":{"self":[{"href":"https:\/\/aquaconsult.be\/fr\/wp-json\/wp\/v2\/pages\/9440","targetHints":{"allow":["GET"]}}],"collection":[{"href":"https:\/\/aquaconsult.be\/fr\/wp-json\/wp\/v2\/pages"}],"about":[{"href":"https:\/\/aquaconsult.be\/fr\/wp-json\/wp\/v2\/types\/page"}],"author":[{"embeddable":true,"href":"https:\/\/aquaconsult.be\/fr\/wp-json\/wp\/v2\/users\/3"}],"replies":[{"embeddable":true,"href":"https:\/\/aquaconsult.be\/fr\/wp-json\/wp\/v2\/comments?post=9440"}],"version-history":[{"count":3,"href":"https:\/\/aquaconsult.be\/fr\/wp-json\/wp\/v2\/pages\/9440\/revisions"}],"predecessor-version":[{"id":32042,"href":"https:\/\/aquaconsult.be\/fr\/wp-json\/wp\/v2\/pages\/9440\/revisions\/32042"}],"wp:attachment":[{"href":"https:\/\/aquaconsult.be\/fr\/wp-json\/wp\/v2\/media?parent=9440"}],"curies":[{"name":"wp","href":"https:\/\/api.w.org\/{rel}","templated":true}]}}